{"id":684,"date":"2026-01-18T17:06:42","date_gmt":"2026-01-18T16:06:42","guid":{"rendered":"https:\/\/xn--klimabevgelsenodense-p0b.dk\/?page_id=684"},"modified":"2026-04-13T17:59:29","modified_gmt":"2026-04-13T15:59:29","slug":"forumtest","status":"publish","type":"page","link":"https:\/\/xn--klimabevgelsenodense-p0b.dk\/index.php\/forumtest\/","title":{"rendered":"Forum"},"content":{"rendered":"\t\t<div data-elementor-type=\"wp-page\" data-elementor-id=\"684\" class=\"elementor elementor-684\">\n\t\t\t\t<div class=\"elementor-element elementor-element-6328b32 e-flex e-con-boxed wpr-particle-no wpr-jarallax-no wpr-parallax-no wpr-sticky-section-no wpr-equal-height-no e-con e-parent\" data-id=\"6328b32\" data-element_type=\"container\" data-e-type=\"container\" data-settings=\"{&quot;background_background&quot;:&quot;classic&quot;}\">\n\t\t\t\t\t<div class=\"e-con-inner\">\n\t\t\t\t<div class=\"elementor-element elementor-element-65ea146 elementor-widget elementor-widget-wp-widget-bbp_login_widget\" data-id=\"65ea146\" data-element_type=\"widget\" data-e-type=\"widget\" data-widget_type=\"wp-widget-bbp_login_widget.default\">\n\t\t\t\t<div class=\"elementor-widget-container\">\n\t\t\t\t\t\n\t\t\t<form method=\"post\" action=\"https:\/\/xn--klimabevgelsenodense-p0b.dk\/wp-login.php\" class=\"bbp-login-form\">\n\t\t\t\t<fieldset class=\"bbp-form\">\n\t\t\t\t\t<legend>Log In<\/legend>\n\n\t\t\t\t\t<div class=\"bbp-username\">\n\t\t\t\t\t\t<label for=\"user_login\">Username: <\/label>\n\t\t\t\t\t\t<input type=\"text\" name=\"log\" value=\"\" size=\"20\" maxlength=\"100\" id=\"user_login\" autocomplete=\"off\" \/>\n\t\t\t\t\t<\/div>\n\n\t\t\t\t\t<div class=\"bbp-password\">\n\t\t\t\t\t\t<label for=\"user_pass\">Password: <\/label>\n\t\t\t\t\t\t<input type=\"password\" name=\"pwd\" value=\"\" size=\"20\" id=\"user_pass\" autocomplete=\"off\" \/>\n\t\t\t\t\t<\/div>\n\n\t\t\t\t\t<div class=\"bbp-remember-me\">\n\t\t\t\t\t\t<input type=\"checkbox\" name=\"rememberme\" value=\"forever\"  id=\"rememberme\" \/>\n\t\t\t\t\t\t<label for=\"rememberme\">Keep me signed in<\/label>\n\t\t\t\t\t<\/div>\n\n\t\t\t\t\t\n\t\t\t\t\t<div class=\"bbp-submit-wrapper\">\n\n\t\t\t\t\t\t<button type=\"submit\" name=\"user-submit\" id=\"user-submit\" class=\"button submit user-submit\">Log In<\/button>\n\n\t\t\t\t\t\t\n\t<input type=\"hidden\" name=\"user-cookie\" value=\"1\" \/>\n\n\t<input type=\"hidden\" id=\"bbp_redirect_to\" name=\"redirect_to\" value=\"https:\/\/xn--klimabevgelsenodense-p0b.dk\/index.php\/wp-json\/wp\/v2\/pages\/684\" \/><input type=\"hidden\" id=\"_wpnonce\" name=\"_wpnonce\" value=\"e596c7e390\" \/><input type=\"hidden\" name=\"_wp_http_referer\" value=\"\/index.php\/wp-json\/wp\/v2\/pages\/684\" \/>\n\t\t\t\t\t<\/div>\n\n\t\t\t\t\t\n\t\t\t\t<\/fieldset>\n\t\t\t<\/form>\n\n\t\t\t\t\t\t<\/div>\n\t\t\t\t<\/div>\n\t\t\t\t<div class=\"elementor-element elementor-element-08ddd73 elementor-widget elementor-widget-wp-widget-bbp_topics_widget\" data-id=\"08ddd73\" data-element_type=\"widget\" data-e-type=\"widget\" data-widget_type=\"wp-widget-bbp_topics_widget.default\">\n\t\t\t\t<div class=\"elementor-widget-container\">\n\t\t\t\t\t<h5>Recent Topics<\/h5>\n\t\t<ul class=\"bbp-topics-widget newness\">\n\n\t\t\t\n\t\t\t\t<li>\n\t\t\t\t\t<a class=\"bbp-forum-title\" href=\"https:\/\/xn--klimabevgelsenodense-p0b.dk\/index.php\/forums\/topic\/referat-af-manedsmode-d-14-april-2026\/\">Referat af m\u00e5nedsm\u00f8de d. 14. april 2026<\/a>\n\n\t\t\t\t\t\n\t\t\t\t\t\n\t\t\t\t<\/li>\n\n\t\t\t\n\t\t\t\t<li>\n\t\t\t\t\t<a class=\"bbp-forum-title\" href=\"https:\/\/xn--klimabevgelsenodense-p0b.dk\/index.php\/forums\/topic\/referat-af-manedsmode-den-10-marts-2026\/\">Referat af m\u00e5nedsm\u00f8de den 10. marts 2026<\/a>\n\n\t\t\t\t\t\n\t\t\t\t\t\n\t\t\t\t<\/li>\n\n\t\t\t\n\t\t\t\t<li>\n\t\t\t\t\t<a class=\"bbp-forum-title\" href=\"https:\/\/xn--klimabevgelsenodense-p0b.dk\/index.php\/forums\/topic\/referat-af-manedsmode-klimabevaegelsen-odense-den-10-marts-2026\/\">Referat af m\u00e5nedsm\u00f8de, Klimabev\u00e6gelsen Odense den 10. marts 2026<\/a>\n\n\t\t\t\t\t\n\t\t\t\t\t\n\t\t\t\t<\/li>\n\n\t\t\t\n\t\t\t\t<li>\n\t\t\t\t\t<a class=\"bbp-forum-title\" href=\"https:\/\/xn--klimabevgelsenodense-p0b.dk\/index.php\/forums\/topic\/referat-fra-faellesrad-i-klimabevaegelsen-5-marts\/\">Referat fra F\u00e6llesR\u00e5d i Klimabev\u00e6gelsen 5 marts<\/a>\n\n\t\t\t\t\t\n\t\t\t\t\t\n\t\t\t\t<\/li>\n\n\t\t\t\n\t\t\t\t<li>\n\t\t\t\t\t<a class=\"bbp-forum-title\" href=\"https:\/\/xn--klimabevgelsenodense-p0b.dk\/index.php\/forums\/topic\/indkaldelse-til-manedsmode-i-klimabevaegelsen-odense-den-10-marts-2026\/\">Indkaldelse til m\u00e5nedsm\u00f8de i Klimabev\u00e6gelsen Odense den 10. marts 2026<\/a>\n\n\t\t\t\t\t\n\t\t\t\t\t\n\t\t\t\t<\/li>\n\n\t\t\t\n\t\t\t\t<li>\n\t\t\t\t\t<a class=\"bbp-forum-title\" href=\"https:\/\/xn--klimabevgelsenodense-p0b.dk\/index.php\/forums\/topic\/klimamarch-odense-i-forbindelse-med-folketingsvalget\/\">Klimamarch Odense i forbindelse med folketingsvalget<\/a>\n\n\t\t\t\t\t\n\t\t\t\t\t\n\t\t\t\t<\/li>\n\n\t\t\t\n\t\t\t\t<li>\n\t\t\t\t\t<a class=\"bbp-forum-title\" href=\"https:\/\/xn--klimabevgelsenodense-p0b.dk\/index.php\/forums\/topic\/kandidattest\/\">Kandidattest<\/a>\n\n\t\t\t\t\t\n\t\t\t\t\t\n\t\t\t\t<\/li>\n\n\t\t\t\n\t\t\t\t<li>\n\t\t\t\t\t<a class=\"bbp-forum-title\" href=\"https:\/\/xn--klimabevgelsenodense-p0b.dk\/index.php\/forums\/topic\/noter-fra-mediegruppemode-23-2\/\">Noter fra mediegruppem\u00f8de 23\/2<\/a>\n\n\t\t\t\t\t\n\t\t\t\t\t\n\t\t\t\t<\/li>\n\n\t\t\t\n\t\t\t\t<li>\n\t\t\t\t\t<a class=\"bbp-forum-title\" href=\"https:\/\/xn--klimabevgelsenodense-p0b.dk\/index.php\/forums\/topic\/presseliste-skriv-pa\/\">Presseliste &#8211; skriv p\u00e5 !!<\/a>\n\n\t\t\t\t\t\n\t\t\t\t\t\n\t\t\t\t<\/li>\n\n\t\t\t\n\t\t\t\t<li>\n\t\t\t\t\t<a class=\"bbp-forum-title\" href=\"https:\/\/xn--klimabevgelsenodense-p0b.dk\/index.php\/forums\/topic\/mail-med-sporgsmal-fra-klimabevaegelsen-dk-den-18-2-26\/\">Mail med sp\u00f8rgsm\u00e5l fra klimabev\u00e6gelsen DK den 18\/2-26<\/a>\n\n\t\t\t\t\t\n\t\t\t\t\t\n\t\t\t\t<\/li>\n\n\t\t\t\n\t\t<\/ul>\n\n\t\t\t\t\t\t<\/div>\n\t\t\t\t<\/div>\n\t\t\t\t<div class=\"elementor-element elementor-element-d06b856 elementor-widget elementor-widget-wp-widget-bbp_views_widget\" data-id=\"d06b856\" data-element_type=\"widget\" data-e-type=\"widget\" data-widget_type=\"wp-widget-bbp_views_widget.default\">\n\t\t\t\t<div class=\"elementor-widget-container\">\n\t\t\t\t\t\n\t\t<ul class=\"bbp-views-widget\">\n\n\t\t\t\n\t\t\t\t<li><a class=\"bbp-view-title\" href=\"https:\/\/xn--klimabevgelsenodense-p0b.dk\/index.php\/forums\/view\/popular\/\">Most popular topics<\/a><\/li>\n\n\t\t\t\n\t\t\t\t<li><a class=\"bbp-view-title\" href=\"https:\/\/xn--klimabevgelsenodense-p0b.dk\/index.php\/forums\/view\/no-replies\/\">Topics with no replies<\/a><\/li>\n\n\t\t\t\n\t\t<\/ul>\n\n\t\t\t\t\t\t<\/div>\n\t\t\t\t<\/div>\n\t\t\t\t<div class=\"elementor-element elementor-element-2dba406 elementor-widget elementor-widget-wp-widget-bbp_search_widget\" data-id=\"2dba406\" data-element_type=\"widget\" data-e-type=\"widget\" data-widget_type=\"wp-widget-bbp_search_widget.default\">\n\t\t\t\t<div class=\"elementor-widget-container\">\n\t\t\t\t\t<h5>Search Forums<\/h5>\n\t<div class=\"bbp-search-form\">\n\t\t<form role=\"search\" class=\"search-form\" method=\"get\">\n\t\t\t<label for=\"bbp_search\">\n\t\t\t\t<span class=\"screen-reader-text\">Search for:<\/span>\n\t\t\t\t<input type=\"search\" value=\"\" placeholder=\"Search ...\" name=\"bbp_search\" class=\"search-field\" \/>\n\t\t\t<\/label>\n\t\t\t<input type=\"hidden\" name=\"action\" value=\"bbp-search-request\" \/>\n\t\t\t<input class=\"search-submit\" type=\"submit\" value=\"Search\" \/>\n\t\t\t<div class=\"kadence-search-icon-wrap\"><span class=\"kadence-svg-iconset\"><svg aria-hidden=\"true\" class=\"kadence-svg-icon kadence-search-svg\" fill=\"currentColor\" version=\"1.1\" xmlns=\"http:\/\/www.w3.org\/2000\/svg\" width=\"26\" height=\"28\" viewBox=\"0 0 26 28\"><title>Search<\/title><path d=\"M18 13c0-3.859-3.141-7-7-7s-7 3.141-7 7 3.141 7 7 7 7-3.141 7-7zM26 26c0 1.094-0.906 2-2 2-0.531 0-1.047-0.219-1.406-0.594l-5.359-5.344c-1.828 1.266-4.016 1.937-6.234 1.937-6.078 0-11-4.922-11-11s4.922-11 11-11 11 4.922 11 11c0 2.219-0.672 4.406-1.937 6.234l5.359 5.359c0.359 0.359 0.578 0.875 0.578 1.406z\"><\/path>\n\t\t\t\t<\/svg><\/span><\/div>\t\t<\/form>\n\t<\/div>\n\n\t\t\t\t<\/div>\n\t\t\t\t<\/div>\n\t\t\t\t\t<\/div>\n\t\t\t\t<\/div>\n\t\t<div class=\"elementor-element elementor-element-1a38896 e-flex e-con-boxed wpr-particle-no wpr-jarallax-no wpr-parallax-no wpr-sticky-section-no wpr-equal-height-no e-con e-parent\" data-id=\"1a38896\" data-element_type=\"container\" data-e-type=\"container\" data-settings=\"{&quot;background_background&quot;:&quot;classic&quot;}\">\n\t\t\t\t\t<div class=\"e-con-inner\">\n\t\t\t\t<div class=\"elementor-element elementor-element-cb1b569 elementor-widget elementor-widget-wp-widget-bbp_forums_widget\" data-id=\"cb1b569\" data-element_type=\"widget\" data-e-type=\"widget\" data-widget_type=\"wp-widget-bbp_forums_widget.default\">\n\t\t\t\t<div class=\"elementor-widget-container\">\n\t\t\t\t\t<h5>Forums<\/h5>\n\t\t<ul class=\"bbp-forums-widget\">\n\n\t\t\t\n\t\t\t\t<li >\n\t\t\t\t\t<a class=\"bbp-forum-title\" href=\"https:\/\/xn--klimabevgelsenodense-p0b.dk\/index.php\/forums\/forum\/lokalgruppen\/\">\n\t\t\t\t\t\tLokalgruppen\t\t\t\t\t<\/a>\n\t\t\t\t<\/li>\n\n\t\t\t\n\t\t<\/ul>\n\n\t\t\t\t\t\t<\/div>\n\t\t\t\t<\/div>\n\t\t\t\t<div class=\"elementor-element elementor-element-d9f3a1b elementor-widget elementor-widget-wp-widget-bbp_replies_widget\" data-id=\"d9f3a1b\" data-element_type=\"widget\" data-e-type=\"widget\" data-widget_type=\"wp-widget-bbp_replies_widget.default\">\n\t\t\t\t<div class=\"elementor-widget-container\">\n\t\t\t\t\t<h5>Recent Replies<\/h5>\n\t\t<ul class=\"bbp-replies-widget\">\n\n\t\t\t\n\t\t\t\t<li>\n\n\t\t\t\t\t<a class=\"bbp-reply-topic-title\" href=\"https:\/\/xn--klimabevgelsenodense-p0b.dk\/index.php\/forums\/topic\/presseliste-skriv-pa\/#post-1162\" title=\"Jeg har lavet en presseliste i adressekartoteket &hellip;\">Presseliste &#8211; skriv p\u00e5 !!<\/a>\n\t\t\t\t<\/li>\n\n\t\t\t\n\t\t\t\t<li>\n\n\t\t\t\t\t<a class=\"bbp-reply-topic-title\" href=\"https:\/\/xn--klimabevgelsenodense-p0b.dk\/index.php\/forums\/topic\/indkaldelse-til-manedsmode-i-klimabevaegelsen-odense-den-10-marts-2026\/#post-1157\" title=\"Hej alle\nJeg kan desv\u00e6rre ikke komme til m\u00f8det i &hellip;\">Indkaldelse til m\u00e5nedsm\u00f8de i Klimabev\u00e6gelsen Odense den 10. marts 2026<\/a>\n\t\t\t\t<\/li>\n\n\t\t\t\n\t\t\t\t<li>\n\n\t\t\t\t\t<a class=\"bbp-reply-topic-title\" href=\"https:\/\/xn--klimabevgelsenodense-p0b.dk\/index.php\/forums\/topic\/kandidattest\/#post-1147\" title=\"rettelse (sletning af) &#8211; udsagn nr. 36 samt&hellip;\">Kandidattest<\/a>\n\t\t\t\t<\/li>\n\n\t\t\t\n\t\t\t\t<li>\n\n\t\t\t\t\t<a class=\"bbp-reply-topic-title\" href=\"https:\/\/xn--klimabevgelsenodense-p0b.dk\/index.php\/forums\/topic\/kandidattest\/#post-1146\" title=\"Parisaftalen fra 2015 er en juridisk bindende, in&hellip;\">Kandidattest<\/a>\n\t\t\t\t<\/li>\n\n\t\t\t\n\t\t\t\t<li>\n\n\t\t\t\t\t<a class=\"bbp-reply-topic-title\" href=\"https:\/\/xn--klimabevgelsenodense-p0b.dk\/index.php\/forums\/topic\/kandidattest\/#post-1145\" title=\"Klimabev\u00e6gelsen dk\u2019s v\u00e6rdigrundlag\n\u00a7 1. Navn og h&hellip;\">Kandidattest<\/a>\n\t\t\t\t<\/li>\n\n\t\t\t\n\t\t<\/ul>\n\n\t\t\t\t\t\t<\/div>\n\t\t\t\t<\/div>\n\t\t\t\t<div class=\"elementor-element elementor-element-5381285 elementor-widget elementor-widget-wp-widget-bbp_stats_widget\" data-id=\"5381285\" data-element_type=\"widget\" data-e-type=\"widget\" data-widget_type=\"wp-widget-bbp_stats_widget.default\">\n\t\t\t\t<div class=\"elementor-widget-container\">\n\t\t\t\t\t<h5>Forum Statistics<\/h5>\n<dl role=\"main\" class=\"bbp-stats\">\n\n\t\n\t<dt>Registered Users<\/dt>\n\t<dd>\n\t\t<strong>13<\/strong>\n\t<\/dd>\n\n\t<dt>Forums<\/dt>\n\t<dd>\n\t\t<strong>5<\/strong>\n\t<\/dd>\n\n\t<dt>Topics<\/dt>\n\t<dd>\n\t\t<strong>18<\/strong>\n\t<\/dd>\n\n\t<dt>Replies<\/dt>\n\t<dd>\n\t\t<strong>15<\/strong>\n\t<\/dd>\n\n\t<dt>Topic Tags<\/dt>\n\t<dd>\n\t\t<strong>3<\/strong>\n\t<\/dd>\n\n\t\n\t\t<dt>Empty Topic Tags<\/dt>\n\t\t<dd>\n\t\t\t<strong>6<\/strong>\n\t\t<\/dd>\n\n\t\n\t\n\t\n\t\n<\/dl>\n\n\t\t\t\t<\/div>\n\t\t\t\t<\/div>\n\t\t\t\t<div class=\"elementor-element elementor-element-b07ef40 elementor-widget elementor-widget-shortcode\" data-id=\"b07ef40\" data-element_type=\"widget\" data-e-type=\"widget\" data-widget_type=\"shortcode.default\">\n\t\t\t\t\t\t\t<div class=\"elementor-shortcode\"> https:\/\/xn--klimabevgelsenodense-p0b.dk\/index.php\/forums\/forum\/lokalgruppen\/<\/div>\n\t\t\t\t\t\t<\/div>\n\t\t\t\t\t<\/div>\n\t\t\t\t<\/div>\n\t\t\t\t<\/div>\n\t\t","protected":false},"excerpt":{"rendered":"<p>Lokalgruppen<\/p>\n","protected":false},"author":1,"featured_media":0,"parent":0,"menu_order":0,"comment_status":"closed","ping_status":"closed","template":"","meta":{"_bbp_topic_count":0,"_bbp_reply_count":0,"_bbp_total_topic_count":0,"_bbp_total_reply_count":0,"_bbp_voice_count":0,"_bbp_anonymous_reply_count":0,"_bbp_topic_count_hidden":0,"_bbp_reply_count_hidden":0,"_bbp_forum_subforum_count":0,"_price":"","_stock":"","_tribe_ticket_header":"","_tribe_default_ticket_provider":"","_tribe_ticket_capacity":"0","_ticket_start_date":"","_ticket_end_date":"","_tribe_ticket_show_description":"","_tribe_ticket_show_not_going":false,"_tribe_ticket_use_global_stock":"","_tribe_ticket_global_stock_level":"","_global_stock_mode":"","_global_stock_cap":"","_tribe_rsvp_for_event":"","_tribe_ticket_going_count":"","_tribe_ticket_not_going_count":"","_tribe_tickets_list":"[]","_tribe_ticket_has_attendee_info_fields":false,"_kad_post_transparent":"","_kad_post_title":"hide","_kad_post_layout":"fullwidth","_kad_post_sidebar_id":"","_kad_post_content_style":"unboxed","_kad_post_vertical_padding":"hide","_kad_post_feature":"hide","_kad_post_feature_position":"","_kad_post_header":false,"_kad_post_footer":false,"_kad_post_classname":"","footnotes":"","_tec_slr_enabled":"","_tec_slr_layout":""},"class_list":["post-684","page","type-page","status-publish","hentry"],"ticketed":false,"_links":{"self":[{"href":"https:\/\/xn--klimabevgelsenodense-p0b.dk\/index.php\/wp-json\/wp\/v2\/pages\/684","targetHints":{"allow":["GET"]}}],"collection":[{"href":"https:\/\/xn--klimabevgelsenodense-p0b.dk\/index.php\/wp-json\/wp\/v2\/pages"}],"about":[{"href":"https:\/\/xn--klimabevgelsenodense-p0b.dk\/index.php\/wp-json\/wp\/v2\/types\/page"}],"author":[{"embeddable":true,"href":"https:\/\/xn--klimabevgelsenodense-p0b.dk\/index.php\/wp-json\/wp\/v2\/users\/1"}],"replies":[{"embeddable":true,"href":"https:\/\/xn--klimabevgelsenodense-p0b.dk\/index.php\/wp-json\/wp\/v2\/comments?post=684"}],"version-history":[{"count":33,"href":"https:\/\/xn--klimabevgelsenodense-p0b.dk\/index.php\/wp-json\/wp\/v2\/pages\/684\/revisions"}],"predecessor-version":[{"id":992,"href":"https:\/\/xn--klimabevgelsenodense-p0b.dk\/index.php\/wp-json\/wp\/v2\/pages\/684\/revisions\/992"}],"wp:attachment":[{"href":"https:\/\/xn--klimabevgelsenodense-p0b.dk\/index.php\/wp-json\/wp\/v2\/media?parent=684"}],"curies":[{"name":"wp","href":"https:\/\/api.w.org\/{rel}","templated":true}]}}